{"id":1912,"date":"2022-10-08T08:31:18","date_gmt":"2022-10-08T08:31:18","guid":{"rendered":"https:\/\/cleanstep.ee\/?post_type=product&#038;p=1912"},"modified":"2024-05-23T10:44:55","modified_gmt":"2024-05-23T08:44:55","slug":"nubuki-ja-seemisnaha-varskendussprei","status":"publish","type":"product","link":"https:\/\/cleanstep.ee\/en\/product\/nubuki-ja-seemisnaha-varskendussprei\/","title":{"rendered":"NUBUKI- JA SEEMISNAHA V\u00c4RSKENDUSSPREI"},"content":{"rendered":"<p>Kas oled v\u00e4sinud oma nubukist v\u00f5i seemisnahast kingade tuhmumisest ja pleekimisest? Kas soovid, et su jalatsid n\u00e4eksid v\u00e4lja nagu uued, ilma et peaksid neid vahetama v\u00f5i kallistele hooldustele viima? Siis on sulle m\u00f5eldud Tarrago Nubuck Suede Renovator Spray!<\/p>\n<p>See on imeline toode, mis taastab su kingade algse v\u00e4rvi, kaitseb neid niiskuse eest ja pikendab nende eluiga. See on lihtne kasutada, kiiresti kuivav ja ei m\u00f5juta kingade hingavust. See sobib nubukile, seemisnahale ja mikrokiududele. Saadaval on 26 erinevat v\u00e4rvi, nii et leiad kindlasti oma kingadele sobiva tooni.<\/p>\n<p>Kuidas seda kasutada? V\u00e4ga lihtsalt! Puhasta oma kingad tolmust ja mustusest. Raputa spreipudelit enne kasutamist ja pihusta \u00fchtlaselt umbes 20 cm kauguselt. Lase 30 minutit kuivada ja harja kummiharjaga. Ja ongi valmis! Su kingad on nagu uuesti s\u00fcndinud!<\/p>\n<p>Tarrago Nubuck Suede Renovator Spray on toode, mis teeb su kingad \u00f5nnelikuks. \u00c4ra raiska aega ja raha uute kingade ostmisele, kui saad oma vanad kingad uueks muuta.<\/p>\n","protected":false},"excerpt":{"rendered":"<p>Taastab nubuki ja seemisnaha v\u00e4rvi ning kaitseb ja pikendab jalan\u00f5ude eluiga. Suur v\u00e4rvivalik.<\/p>\n","protected":false},"featured_media":1913,"comment_status":"open","ping_status":"closed","template":"","meta":{"_acf_changed":false},"product_brand":[],"product_cat":[20],"product_tag":[33,147],"class_list":{"0":"post-1912","1":"product","2":"type-product","3":"status-publish","4":"has-post-thumbnail","6":"product_cat-tooted","7":"product_tag-varskendamine","8":"product_tag-varvimine","10":"first","11":"instock","12":"taxable","13":"shipping-taxable","14":"purchasable","15":"product-type-variable"},"acf":[],"yoast_head":"<!-- This site is optimized with the Yoast SEO plugin v26.3 - https:\/\/yoast.com\/wordpress\/plugins\/seo\/ -->\n<title>NUBUKI- JA SEEMISNAHA V\u00c4RSKENDUSSPREI<\/title>\n<meta name=\"description\" content=\"Spetsiaalne toode, mis on loodud seemisnahast ja nubukist valmistatud jalatsite originaalv\u00e4rvi taastamiseks.\" \/>\n<meta name=\"robots\" content=\"index, follow, max-snippet:-1, max-image-preview:large, max-video-preview:-1\" \/>\n<link rel=\"canonical\" href=\"https:\/\/cleanstep.ee\/tooted\/nubuki-ja-seemisnaha-varskendussprei\/\" \/>\n<meta property=\"og:locale\" content=\"en_US\" \/>\n<meta property=\"og:type\" content=\"article\" \/>\n<meta property=\"og:title\" content=\"NUBUKI- JA SEEMISNAHA V\u00c4RSKENDUSSPREI\" \/>\n<meta property=\"og:description\" content=\"Spetsiaalne toode, mis on loodud seemisnahast ja nubukist valmistatud jalatsite originaalv\u00e4rvi taastamiseks.\" \/>\n<meta property=\"og:url\" content=\"https:\/\/cleanstep.ee\/tooted\/nubuki-ja-seemisnaha-varskendussprei\/\" \/>\n<meta property=\"og:site_name\" content=\"CLEANSTEP - Cleaning service for sneakers, boots and shoes\" \/>\n<meta property=\"article:publisher\" content=\"https:\/\/www.facebook.com\/cleanstep.est\" \/>\n<meta property=\"article:modified_time\" content=\"2024-05-23T08:44:55+00:00\" \/>\n<meta property=\"og:image\" content=\"https:\/\/cleanstep.ee\/wp-content\/uploads\/2022\/10\/Tarrago-Nubuck-Suede-Renovator.png\" \/>\n\t<meta property=\"og:image:width\" content=\"1500\" \/>\n\t<meta property=\"og:image:height\" content=\"1500\" \/>\n\t<meta property=\"og:image:type\" content=\"image\/png\" \/>\n<meta name=\"twitter:card\" content=\"summary_large_image\" \/>\n<meta name=\"twitter:label1\" content=\"Est. reading time\" \/>\n\t<meta name=\"twitter:data1\" content=\"1 minute\" \/>\n<script type=\"application\/ld+json\" class=\"yoast-schema-graph\">{\"@context\":\"https:\/\/schema.org\",\"@graph\":[{\"@type\":\"WebPage\",\"@id\":\"https:\/\/cleanstep.ee\/tooted\/nubuki-ja-seemisnaha-varskendussprei\/\",\"url\":\"https:\/\/cleanstep.ee\/tooted\/nubuki-ja-seemisnaha-varskendussprei\/\",\"name\":\"NUBUKI- JA SEEMISNAHA V\u00c4RSKENDUSSPREI\",\"isPartOf\":{\"@id\":\"https:\/\/cleanstep.ee\/#website\"},\"primaryImageOfPage\":{\"@id\":\"https:\/\/cleanstep.ee\/tooted\/nubuki-ja-seemisnaha-varskendussprei\/#primaryimage\"},\"image\":{\"@id\":\"https:\/\/cleanstep.ee\/tooted\/nubuki-ja-seemisnaha-varskendussprei\/#primaryimage\"},\"thumbnailUrl\":\"https:\/\/cleanstep.ee\/wp-content\/uploads\/2022\/10\/Tarrago-Nubuck-Suede-Renovator.png\",\"datePublished\":\"2022-10-08T08:31:18+00:00\",\"dateModified\":\"2024-05-23T08:44:55+00:00\",\"description\":\"Spetsiaalne toode, mis on loodud seemisnahast ja nubukist valmistatud jalatsite originaalv\u00e4rvi taastamiseks.\",\"breadcrumb\":{\"@id\":\"https:\/\/cleanstep.ee\/tooted\/nubuki-ja-seemisnaha-varskendussprei\/#breadcrumb\"},\"inLanguage\":\"en-US\",\"potentialAction\":[{\"@type\":\"ReadAction\",\"target\":[\"https:\/\/cleanstep.ee\/tooted\/nubuki-ja-seemisnaha-varskendussprei\/\"]}]},{\"@type\":\"ImageObject\",\"inLanguage\":\"en-US\",\"@id\":\"https:\/\/cleanstep.ee\/tooted\/nubuki-ja-seemisnaha-varskendussprei\/#primaryimage\",\"url\":\"https:\/\/cleanstep.ee\/wp-content\/uploads\/2022\/10\/Tarrago-Nubuck-Suede-Renovator.png\",\"contentUrl\":\"https:\/\/cleanstep.ee\/wp-content\/uploads\/2022\/10\/Tarrago-Nubuck-Suede-Renovator.png\",\"width\":1500,\"height\":1500},{\"@type\":\"BreadcrumbList\",\"@id\":\"https:\/\/cleanstep.ee\/tooted\/nubuki-ja-seemisnaha-varskendussprei\/#breadcrumb\",\"itemListElement\":[{\"@type\":\"ListItem\",\"position\":1,\"name\":\"Home\",\"item\":\"https:\/\/cleanstep.ee\/en\/\"},{\"@type\":\"ListItem\",\"position\":2,\"name\":\"NUBUKI- JA SEEMISNAHA V\u00c4RSKENDUSSPREI\"}]},{\"@type\":\"WebSite\",\"@id\":\"https:\/\/cleanstep.ee\/#website\",\"url\":\"https:\/\/cleanstep.ee\/\",\"name\":\"CLEANSTEP - Cleaning service for sneakers, boots and shoes\",\"description\":\"The first cleaning service in Estonia that specializes in cleaning and restoration of sneakers,shoes and boots.\",\"publisher\":{\"@id\":\"https:\/\/cleanstep.ee\/#organization\"},\"potentialAction\":[{\"@type\":\"SearchAction\",\"target\":{\"@type\":\"EntryPoint\",\"urlTemplate\":\"https:\/\/cleanstep.ee\/?s={search_term_string}\"},\"query-input\":{\"@type\":\"PropertyValueSpecification\",\"valueRequired\":true,\"valueName\":\"search_term_string\"}}],\"inLanguage\":\"en-US\"},{\"@type\":\"Organization\",\"@id\":\"https:\/\/cleanstep.ee\/#organization\",\"name\":\"CLEANSTEP - Cleaning service for sneakers, boots and shoes\",\"url\":\"https:\/\/cleanstep.ee\/\",\"logo\":{\"@type\":\"ImageObject\",\"inLanguage\":\"en-US\",\"@id\":\"https:\/\/cleanstep.ee\/#\/schema\/logo\/image\/\",\"url\":\"https:\/\/cleanstep.ee\/wp-content\/uploads\/2021\/10\/logo.png\",\"contentUrl\":\"https:\/\/cleanstep.ee\/wp-content\/uploads\/2021\/10\/logo.png\",\"width\":233,\"height\":45,\"caption\":\"CLEANSTEP - Cleaning service for sneakers, boots and shoes\"},\"image\":{\"@id\":\"https:\/\/cleanstep.ee\/#\/schema\/logo\/image\/\"},\"sameAs\":[\"https:\/\/www.facebook.com\/cleanstep.est\",\"https:\/\/www.instagram.com\/cleanstep.est\/\"]}]}<\/script>\n<!-- \/ Yoast SEO plugin. -->","yoast_head_json":{"title":"NUBUKI- JA SEEMISNAHA V\u00c4RSKENDUSSPREI","description":"Spetsiaalne toode, mis on loodud seemisnahast ja nubukist valmistatud jalatsite originaalv\u00e4rvi taastamiseks.","robots":{"index":"index","follow":"follow","max-snippet":"max-snippet:-1","max-image-preview":"max-image-preview:large","max-video-preview":"max-video-preview:-1"},"canonical":"https:\/\/cleanstep.ee\/tooted\/nubuki-ja-seemisnaha-varskendussprei\/","og_locale":"en_US","og_type":"article","og_title":"NUBUKI- JA SEEMISNAHA V\u00c4RSKENDUSSPREI","og_description":"Spetsiaalne toode, mis on loodud seemisnahast ja nubukist valmistatud jalatsite originaalv\u00e4rvi taastamiseks.","og_url":"https:\/\/cleanstep.ee\/tooted\/nubuki-ja-seemisnaha-varskendussprei\/","og_site_name":"CLEANSTEP - Cleaning service for sneakers, boots and shoes","article_publisher":"https:\/\/www.facebook.com\/cleanstep.est","article_modified_time":"2024-05-23T08:44:55+00:00","og_image":[{"width":1500,"height":1500,"url":"https:\/\/cleanstep.ee\/wp-content\/uploads\/2022\/10\/Tarrago-Nubuck-Suede-Renovator.png","type":"image\/png"}],"twitter_card":"summary_large_image","twitter_misc":{"Est. reading time":"1 minute"},"schema":{"@context":"https:\/\/schema.org","@graph":[{"@type":"WebPage","@id":"https:\/\/cleanstep.ee\/tooted\/nubuki-ja-seemisnaha-varskendussprei\/","url":"https:\/\/cleanstep.ee\/tooted\/nubuki-ja-seemisnaha-varskendussprei\/","name":"NUBUKI- JA SEEMISNAHA V\u00c4RSKENDUSSPREI","isPartOf":{"@id":"https:\/\/cleanstep.ee\/#website"},"primaryImageOfPage":{"@id":"https:\/\/cleanstep.ee\/tooted\/nubuki-ja-seemisnaha-varskendussprei\/#primaryimage"},"image":{"@id":"https:\/\/cleanstep.ee\/tooted\/nubuki-ja-seemisnaha-varskendussprei\/#primaryimage"},"thumbnailUrl":"https:\/\/cleanstep.ee\/wp-content\/uploads\/2022\/10\/Tarrago-Nubuck-Suede-Renovator.png","datePublished":"2022-10-08T08:31:18+00:00","dateModified":"2024-05-23T08:44:55+00:00","description":"Spetsiaalne toode, mis on loodud seemisnahast ja nubukist valmistatud jalatsite originaalv\u00e4rvi taastamiseks.","breadcrumb":{"@id":"https:\/\/cleanstep.ee\/tooted\/nubuki-ja-seemisnaha-varskendussprei\/#breadcrumb"},"inLanguage":"en-US","potentialAction":[{"@type":"ReadAction","target":["https:\/\/cleanstep.ee\/tooted\/nubuki-ja-seemisnaha-varskendussprei\/"]}]},{"@type":"ImageObject","inLanguage":"en-US","@id":"https:\/\/cleanstep.ee\/tooted\/nubuki-ja-seemisnaha-varskendussprei\/#primaryimage","url":"https:\/\/cleanstep.ee\/wp-content\/uploads\/2022\/10\/Tarrago-Nubuck-Suede-Renovator.png","contentUrl":"https:\/\/cleanstep.ee\/wp-content\/uploads\/2022\/10\/Tarrago-Nubuck-Suede-Renovator.png","width":1500,"height":1500},{"@type":"BreadcrumbList","@id":"https:\/\/cleanstep.ee\/tooted\/nubuki-ja-seemisnaha-varskendussprei\/#breadcrumb","itemListElement":[{"@type":"ListItem","position":1,"name":"Home","item":"https:\/\/cleanstep.ee\/en\/"},{"@type":"ListItem","position":2,"name":"NUBUKI- JA SEEMISNAHA V\u00c4RSKENDUSSPREI"}]},{"@type":"WebSite","@id":"https:\/\/cleanstep.ee\/#website","url":"https:\/\/cleanstep.ee\/","name":"CLEANSTEP - Cleaning service for sneakers, boots and shoes","description":"The first cleaning service in Estonia that specializes in cleaning and restoration of sneakers,shoes and boots.","publisher":{"@id":"https:\/\/cleanstep.ee\/#organization"},"potentialAction":[{"@type":"SearchAction","target":{"@type":"EntryPoint","urlTemplate":"https:\/\/cleanstep.ee\/?s={search_term_string}"},"query-input":{"@type":"PropertyValueSpecification","valueRequired":true,"valueName":"search_term_string"}}],"inLanguage":"en-US"},{"@type":"Organization","@id":"https:\/\/cleanstep.ee\/#organization","name":"CLEANSTEP - Cleaning service for sneakers, boots and shoes","url":"https:\/\/cleanstep.ee\/","logo":{"@type":"ImageObject","inLanguage":"en-US","@id":"https:\/\/cleanstep.ee\/#\/schema\/logo\/image\/","url":"https:\/\/cleanstep.ee\/wp-content\/uploads\/2021\/10\/logo.png","contentUrl":"https:\/\/cleanstep.ee\/wp-content\/uploads\/2021\/10\/logo.png","width":233,"height":45,"caption":"CLEANSTEP - Cleaning service for sneakers, boots and shoes"},"image":{"@id":"https:\/\/cleanstep.ee\/#\/schema\/logo\/image\/"},"sameAs":["https:\/\/www.facebook.com\/cleanstep.est","https:\/\/www.instagram.com\/cleanstep.est\/"]}]}},"_links":{"self":[{"href":"https:\/\/cleanstep.ee\/en\/wp-json\/wp\/v2\/product\/1912","targetHints":{"allow":["GET"]}}],"collection":[{"href":"https:\/\/cleanstep.ee\/en\/wp-json\/wp\/v2\/product"}],"about":[{"href":"https:\/\/cleanstep.ee\/en\/wp-json\/wp\/v2\/types\/product"}],"replies":[{"embeddable":true,"href":"https:\/\/cleanstep.ee\/en\/wp-json\/wp\/v2\/comments?post=1912"}],"wp:featuredmedia":[{"embeddable":true,"href":"https:\/\/cleanstep.ee\/en\/wp-json\/wp\/v2\/media\/1913"}],"wp:attachment":[{"href":"https:\/\/cleanstep.ee\/en\/wp-json\/wp\/v2\/media?parent=1912"}],"wp:term":[{"taxonomy":"product_brand","embeddable":true,"href":"https:\/\/cleanstep.ee\/en\/wp-json\/wp\/v2\/product_brand?post=1912"},{"taxonomy":"product_cat","embeddable":true,"href":"https:\/\/cleanstep.ee\/en\/wp-json\/wp\/v2\/product_cat?post=1912"},{"taxonomy":"product_tag","embeddable":true,"href":"https:\/\/cleanstep.ee\/en\/wp-json\/wp\/v2\/product_tag?post=1912"}],"curies":[{"name":"wp","href":"https:\/\/api.w.org\/{rel}","templated":true}]}}