{"id":2209,"date":"2022-12-08T15:57:53","date_gmt":"2022-12-08T13:57:53","guid":{"rendered":"https:\/\/cleanstep.ee\/our-locations\/"},"modified":"2023-11-20T13:35:28","modified_gmt":"2023-11-20T10:35:28","slug":"punkty-priyema","status":"publish","type":"page","link":"https:\/\/cleanstep.ee\/ru\/punkty-priyema\/","title":{"rendered":"\u041a\u0430\u043a \u0437\u0430\u043a\u0430\u0437\u0430\u0442\u044c?"},"content":{"rendered":"","protected":false},"excerpt":{"rendered":"","protected":false},"author":9,"featured_media":0,"parent":0,"menu_order":0,"comment_status":"closed","ping_status":"closed","template":"tpl-about.php","meta":{"_acf_changed":false,"footnotes":""},"class_list":["post-2209","page","type-page","status-publish","hentry"],"acf":[],"yoast_head":"<!-- This site is optimized with the Yoast SEO plugin v26.3 - https:\/\/yoast.com\/wordpress\/plugins\/seo\/ -->\n<title>\u041a\u0430\u043a \u0437\u0430\u043a\u0430\u0437\u0430\u0442\u044c?<\/title>\n<meta name=\"description\" content=\"Siit leiate k\u00f5ik CLEANSTEP asukohad kuhu saab jalan\u00f5usid j\u00e4tta puhastusse ilma lisatasuta. Samuti tagastame jalan\u00f5ud samasse kohta.\" \/>\n<meta name=\"robots\" content=\"index, follow, max-snippet:-1, max-image-preview:large, max-video-preview:-1\" \/>\n<link rel=\"canonical\" href=\"https:\/\/cleanstep.ee\/ru\/punkty-priyema\/\" \/>\n<meta property=\"og:locale\" content=\"ru_RU\" \/>\n<meta property=\"og:type\" content=\"article\" \/>\n<meta property=\"og:title\" content=\"\u041a\u0430\u043a \u0437\u0430\u043a\u0430\u0437\u0430\u0442\u044c?\" \/>\n<meta property=\"og:description\" content=\"Siit leiate k\u00f5ik CLEANSTEP asukohad kuhu saab jalan\u00f5usid j\u00e4tta puhastusse ilma lisatasuta. Samuti tagastame jalan\u00f5ud samasse kohta.\" \/>\n<meta property=\"og:url\" content=\"https:\/\/cleanstep.ee\/ru\/punkty-priyema\/\" \/>\n<meta property=\"og:site_name\" content=\"CLEANSTEP - \u0423\u0441\u043b\u0443\u0433\u0438 \u043f\u043e \u0447\u0438\u0441\u0442\u043a\u0435 \u043a\u0440\u043e\u0441\u0441\u043e\u0432\u043e\u043a, \u0431\u043e\u0442\u0438\u043d\u043e\u043a \u0438 \u043e\u0431\u0443\u0432\u0438\" \/>\n<meta property=\"article:publisher\" content=\"https:\/\/www.facebook.com\/cleanstep.est\" \/>\n<meta property=\"article:modified_time\" content=\"2023-11-20T10:35:28+00:00\" \/>\n<meta name=\"twitter:card\" content=\"summary_large_image\" \/>\n<script type=\"application\/ld+json\" class=\"yoast-schema-graph\">{\"@context\":\"https:\/\/schema.org\",\"@graph\":[{\"@type\":\"WebPage\",\"@id\":\"https:\/\/cleanstep.ee\/ru\/punkty-priyema\/\",\"url\":\"https:\/\/cleanstep.ee\/ru\/punkty-priyema\/\",\"name\":\"\u041a\u0430\u043a \u0437\u0430\u043a\u0430\u0437\u0430\u0442\u044c?\",\"isPartOf\":{\"@id\":\"https:\/\/cleanstep.ee\/#website\"},\"datePublished\":\"2022-12-08T13:57:53+00:00\",\"dateModified\":\"2023-11-20T10:35:28+00:00\",\"description\":\"Siit leiate k\u00f5ik CLEANSTEP asukohad kuhu saab jalan\u00f5usid j\u00e4tta puhastusse ilma lisatasuta. Samuti tagastame jalan\u00f5ud samasse kohta.\",\"breadcrumb\":{\"@id\":\"https:\/\/cleanstep.ee\/ru\/punkty-priyema\/#breadcrumb\"},\"inLanguage\":\"ru-RU\",\"potentialAction\":[{\"@type\":\"ReadAction\",\"target\":[\"https:\/\/cleanstep.ee\/ru\/punkty-priyema\/\"]}]},{\"@type\":\"BreadcrumbList\",\"@id\":\"https:\/\/cleanstep.ee\/ru\/punkty-priyema\/#breadcrumb\",\"itemListElement\":[{\"@type\":\"ListItem\",\"position\":1,\"name\":\"Home\",\"item\":\"https:\/\/cleanstep.ee\/ru\/\"},{\"@type\":\"ListItem\",\"position\":2,\"name\":\"\u041a\u0430\u043a \u0437\u0430\u043a\u0430\u0437\u0430\u0442\u044c?\"}]},{\"@type\":\"WebSite\",\"@id\":\"https:\/\/cleanstep.ee\/#website\",\"url\":\"https:\/\/cleanstep.ee\/\",\"name\":\"CLEANSTEP - \u0423\u0441\u043b\u0443\u0433\u0438 \u043f\u043e \u0447\u0438\u0441\u0442\u043a\u0435 \u043a\u0440\u043e\u0441\u0441\u043e\u0432\u043e\u043a, \u0431\u043e\u0442\u0438\u043d\u043e\u043a \u0438 \u043e\u0431\u0443\u0432\u0438\",\"description\":\"\u041f\u0435\u0440\u0432\u0430\u044f \u043a\u043b\u0438\u043d\u0438\u043d\u0433\u043e\u0432\u0430\u044f \u0441\u043b\u0443\u0436\u0431\u0430 \u0432 \u042d\u0441\u0442\u043e\u043d\u0438\u0438, \u0441\u043f\u0435\u0446\u0438\u0430\u043b\u0438\u0437\u0438\u0440\u0443\u044e\u0449\u0430\u044f\u0441\u044f \u043d\u0430 \u0447\u0438\u0441\u0442\u043a\u0435 \u0438 \u0440\u0435\u0441\u0442\u0430\u0432\u0440\u0430\u0446\u0438\u0438 \u043a\u0440\u043e\u0441\u0441\u043e\u0432\u043e\u043a, \u043e\u0431\u0443\u0432\u0438 \u0438 \u0431\u043e\u0442\u0438\u043d\u043e\u043a.\",\"publisher\":{\"@id\":\"https:\/\/cleanstep.ee\/#organization\"},\"potentialAction\":[{\"@type\":\"SearchAction\",\"target\":{\"@type\":\"EntryPoint\",\"urlTemplate\":\"https:\/\/cleanstep.ee\/?s={search_term_string}\"},\"query-input\":{\"@type\":\"PropertyValueSpecification\",\"valueRequired\":true,\"valueName\":\"search_term_string\"}}],\"inLanguage\":\"ru-RU\"},{\"@type\":\"Organization\",\"@id\":\"https:\/\/cleanstep.ee\/#organization\",\"name\":\"CLEANSTEP - \u0423\u0441\u043b\u0443\u0433\u0438 \u043f\u043e \u0447\u0438\u0441\u0442\u043a\u0435 \u043a\u0440\u043e\u0441\u0441\u043e\u0432\u043e\u043a, \u0431\u043e\u0442\u0438\u043d\u043e\u043a \u0438 \u043e\u0431\u0443\u0432\u0438\",\"url\":\"https:\/\/cleanstep.ee\/\",\"logo\":{\"@type\":\"ImageObject\",\"inLanguage\":\"ru-RU\",\"@id\":\"https:\/\/cleanstep.ee\/#\/schema\/logo\/image\/\",\"url\":\"https:\/\/cleanstep.ee\/wp-content\/uploads\/2021\/10\/logo.png\",\"contentUrl\":\"https:\/\/cleanstep.ee\/wp-content\/uploads\/2021\/10\/logo.png\",\"width\":233,\"height\":45,\"caption\":\"CLEANSTEP - \u0423\u0441\u043b\u0443\u0433\u0438 \u043f\u043e \u0447\u0438\u0441\u0442\u043a\u0435 \u043a\u0440\u043e\u0441\u0441\u043e\u0432\u043e\u043a, \u0431\u043e\u0442\u0438\u043d\u043e\u043a \u0438 \u043e\u0431\u0443\u0432\u0438\"},\"image\":{\"@id\":\"https:\/\/cleanstep.ee\/#\/schema\/logo\/image\/\"},\"sameAs\":[\"https:\/\/www.facebook.com\/cleanstep.est\",\"https:\/\/www.instagram.com\/cleanstep.est\/\"]}]}<\/script>\n<!-- \/ Yoast SEO plugin. -->","yoast_head_json":{"title":"\u041a\u0430\u043a \u0437\u0430\u043a\u0430\u0437\u0430\u0442\u044c?","description":"Siit leiate k\u00f5ik CLEANSTEP asukohad kuhu saab jalan\u00f5usid j\u00e4tta puhastusse ilma lisatasuta. Samuti tagastame jalan\u00f5ud samasse kohta.","robots":{"index":"index","follow":"follow","max-snippet":"max-snippet:-1","max-image-preview":"max-image-preview:large","max-video-preview":"max-video-preview:-1"},"canonical":"https:\/\/cleanstep.ee\/ru\/punkty-priyema\/","og_locale":"ru_RU","og_type":"article","og_title":"\u041a\u0430\u043a \u0437\u0430\u043a\u0430\u0437\u0430\u0442\u044c?","og_description":"Siit leiate k\u00f5ik CLEANSTEP asukohad kuhu saab jalan\u00f5usid j\u00e4tta puhastusse ilma lisatasuta. Samuti tagastame jalan\u00f5ud samasse kohta.","og_url":"https:\/\/cleanstep.ee\/ru\/punkty-priyema\/","og_site_name":"CLEANSTEP - \u0423\u0441\u043b\u0443\u0433\u0438 \u043f\u043e \u0447\u0438\u0441\u0442\u043a\u0435 \u043a\u0440\u043e\u0441\u0441\u043e\u0432\u043e\u043a, \u0431\u043e\u0442\u0438\u043d\u043e\u043a \u0438 \u043e\u0431\u0443\u0432\u0438","article_publisher":"https:\/\/www.facebook.com\/cleanstep.est","article_modified_time":"2023-11-20T10:35:28+00:00","twitter_card":"summary_large_image","schema":{"@context":"https:\/\/schema.org","@graph":[{"@type":"WebPage","@id":"https:\/\/cleanstep.ee\/ru\/punkty-priyema\/","url":"https:\/\/cleanstep.ee\/ru\/punkty-priyema\/","name":"\u041a\u0430\u043a \u0437\u0430\u043a\u0430\u0437\u0430\u0442\u044c?","isPartOf":{"@id":"https:\/\/cleanstep.ee\/#website"},"datePublished":"2022-12-08T13:57:53+00:00","dateModified":"2023-11-20T10:35:28+00:00","description":"Siit leiate k\u00f5ik CLEANSTEP asukohad kuhu saab jalan\u00f5usid j\u00e4tta puhastusse ilma lisatasuta. Samuti tagastame jalan\u00f5ud samasse kohta.","breadcrumb":{"@id":"https:\/\/cleanstep.ee\/ru\/punkty-priyema\/#breadcrumb"},"inLanguage":"ru-RU","potentialAction":[{"@type":"ReadAction","target":["https:\/\/cleanstep.ee\/ru\/punkty-priyema\/"]}]},{"@type":"BreadcrumbList","@id":"https:\/\/cleanstep.ee\/ru\/punkty-priyema\/#breadcrumb","itemListElement":[{"@type":"ListItem","position":1,"name":"Home","item":"https:\/\/cleanstep.ee\/ru\/"},{"@type":"ListItem","position":2,"name":"\u041a\u0430\u043a \u0437\u0430\u043a\u0430\u0437\u0430\u0442\u044c?"}]},{"@type":"WebSite","@id":"https:\/\/cleanstep.ee\/#website","url":"https:\/\/cleanstep.ee\/","name":"CLEANSTEP - \u0423\u0441\u043b\u0443\u0433\u0438 \u043f\u043e \u0447\u0438\u0441\u0442\u043a\u0435 \u043a\u0440\u043e\u0441\u0441\u043e\u0432\u043e\u043a, \u0431\u043e\u0442\u0438\u043d\u043e\u043a \u0438 \u043e\u0431\u0443\u0432\u0438","description":"\u041f\u0435\u0440\u0432\u0430\u044f \u043a\u043b\u0438\u043d\u0438\u043d\u0433\u043e\u0432\u0430\u044f \u0441\u043b\u0443\u0436\u0431\u0430 \u0432 \u042d\u0441\u0442\u043e\u043d\u0438\u0438, \u0441\u043f\u0435\u0446\u0438\u0430\u043b\u0438\u0437\u0438\u0440\u0443\u044e\u0449\u0430\u044f\u0441\u044f \u043d\u0430 \u0447\u0438\u0441\u0442\u043a\u0435 \u0438 \u0440\u0435\u0441\u0442\u0430\u0432\u0440\u0430\u0446\u0438\u0438 \u043a\u0440\u043e\u0441\u0441\u043e\u0432\u043e\u043a, \u043e\u0431\u0443\u0432\u0438 \u0438 \u0431\u043e\u0442\u0438\u043d\u043e\u043a.","publisher":{"@id":"https:\/\/cleanstep.ee\/#organization"},"potentialAction":[{"@type":"SearchAction","target":{"@type":"EntryPoint","urlTemplate":"https:\/\/cleanstep.ee\/?s={search_term_string}"},"query-input":{"@type":"PropertyValueSpecification","valueRequired":true,"valueName":"search_term_string"}}],"inLanguage":"ru-RU"},{"@type":"Organization","@id":"https:\/\/cleanstep.ee\/#organization","name":"CLEANSTEP - \u0423\u0441\u043b\u0443\u0433\u0438 \u043f\u043e \u0447\u0438\u0441\u0442\u043a\u0435 \u043a\u0440\u043e\u0441\u0441\u043e\u0432\u043e\u043a, \u0431\u043e\u0442\u0438\u043d\u043e\u043a \u0438 \u043e\u0431\u0443\u0432\u0438","url":"https:\/\/cleanstep.ee\/","logo":{"@type":"ImageObject","inLanguage":"ru-RU","@id":"https:\/\/cleanstep.ee\/#\/schema\/logo\/image\/","url":"https:\/\/cleanstep.ee\/wp-content\/uploads\/2021\/10\/logo.png","contentUrl":"https:\/\/cleanstep.ee\/wp-content\/uploads\/2021\/10\/logo.png","width":233,"height":45,"caption":"CLEANSTEP - \u0423\u0441\u043b\u0443\u0433\u0438 \u043f\u043e \u0447\u0438\u0441\u0442\u043a\u0435 \u043a\u0440\u043e\u0441\u0441\u043e\u0432\u043e\u043a, \u0431\u043e\u0442\u0438\u043d\u043e\u043a \u0438 \u043e\u0431\u0443\u0432\u0438"},"image":{"@id":"https:\/\/cleanstep.ee\/#\/schema\/logo\/image\/"},"sameAs":["https:\/\/www.facebook.com\/cleanstep.est","https:\/\/www.instagram.com\/cleanstep.est\/"]}]}},"_links":{"self":[{"href":"https:\/\/cleanstep.ee\/ru\/wp-json\/wp\/v2\/pages\/2209","targetHints":{"allow":["GET"]}}],"collection":[{"href":"https:\/\/cleanstep.ee\/ru\/wp-json\/wp\/v2\/pages"}],"about":[{"href":"https:\/\/cleanstep.ee\/ru\/wp-json\/wp\/v2\/types\/page"}],"author":[{"embeddable":true,"href":"https:\/\/cleanstep.ee\/ru\/wp-json\/wp\/v2\/users\/9"}],"replies":[{"embeddable":true,"href":"https:\/\/cleanstep.ee\/ru\/wp-json\/wp\/v2\/comments?post=2209"}],"version-history":[{"count":11,"href":"https:\/\/cleanstep.ee\/ru\/wp-json\/wp\/v2\/pages\/2209\/revisions"}],"predecessor-version":[{"id":3190,"href":"https:\/\/cleanstep.ee\/ru\/wp-json\/wp\/v2\/pages\/2209\/revisions\/3190"}],"wp:attachment":[{"href":"https:\/\/cleanstep.ee\/ru\/wp-json\/wp\/v2\/media?parent=2209"}],"curies":[{"name":"wp","href":"https:\/\/api.w.org\/{rel}","templated":true}]}}