{"id":3152,"date":"2023-11-01T13:44:06","date_gmt":"2023-11-01T10:44:06","guid":{"rendered":"https:\/\/cleanstep.ee\/?post_type=product&#038;p=3152"},"modified":"2026-03-24T08:54:34","modified_gmt":"2026-03-24T06:54:34","slug":"naaritsaoli-kreem","status":"publish","type":"product","link":"https:\/\/cleanstep.ee\/ru\/product\/naaritsaoli-kreem\/","title":{"rendered":"NAARITSA\u00d5LI KREEM"},"content":{"rendered":"<p>Tarrago Mink Oil on rikastatud loodusliku naaritsa\u00f5li ja mineraalvahadega. See kaitseb ja toidab nahka, ennetades l\u00f5henemist ja tagades veekindla kaitse.<br \/>\nLooduslik naaritsa\u00f5li annab niisutavad ja m\u00e4\u00e4rivad omadused ning mineraalvahad annavad veekindlad omadused. Annab nahale paindlikkuse ja pehmuse.<\/p>\n","protected":false},"excerpt":{"rendered":"<p>Puhastuskumm seemis- ja nubuknahale, mis eemaldab kergesti tolmu, mustuse ja plekid jalatsite, kottide ja r\u00f5ivaste pinnalt.<\/p>\n","protected":false},"featured_media":3158,"comment_status":"open","ping_status":"closed","template":"","meta":{"_acf_changed":false},"product_brand":[],"product_cat":[20],"product_tag":[30,33],"class_list":{"0":"post-3152","1":"product","2":"type-product","3":"status-publish","4":"has-post-thumbnail","6":"product_cat-tooted","7":"product_tag-puhastus","8":"product_tag-varskendamine","9":"pa_material-nubuk","10":"pa_material-seemisnahk","12":"first","13":"instock","14":"taxable","15":"shipping-taxable","16":"purchasable","17":"product-type-simple"},"acf":[],"yoast_head":"<!-- This site is optimized with the Yoast SEO plugin v26.3 - https:\/\/yoast.com\/wordpress\/plugins\/seo\/ -->\n<title>NAARITSA\u00d5LI KREEM<\/title>\n<meta name=\"description\" content=\"Puhastuskumm, mis eemaldab kergesti tolmu, mustuse ja plekid jalatsite, kottide ja r\u00f5ivaste pinnalt. Valmistatud kummist puhastab ja annab &quot;koheva&quot; efekti.\" \/>\n<meta name=\"robots\" content=\"index, follow, max-snippet:-1, max-image-preview:large, max-video-preview:-1\" \/>\n<link rel=\"canonical\" href=\"https:\/\/cleanstep.ee\/tooted\/naaritsaoli-kreem\/\" \/>\n<meta property=\"og:locale\" content=\"ru_RU\" \/>\n<meta property=\"og:type\" content=\"article\" \/>\n<meta property=\"og:title\" content=\"NAARITSA\u00d5LI KREEM\" \/>\n<meta property=\"og:description\" content=\"Puhastuskumm, mis eemaldab kergesti tolmu, mustuse ja plekid jalatsite, kottide ja r\u00f5ivaste pinnalt. Valmistatud kummist puhastab ja annab &quot;koheva&quot; efekti.\" \/>\n<meta property=\"og:url\" content=\"https:\/\/cleanstep.ee\/tooted\/naaritsaoli-kreem\/\" \/>\n<meta property=\"og:site_name\" content=\"CLEANSTEP - \u0423\u0441\u043b\u0443\u0433\u0438 \u043f\u043e \u0447\u0438\u0441\u0442\u043a\u0435 \u043a\u0440\u043e\u0441\u0441\u043e\u0432\u043e\u043a, \u0431\u043e\u0442\u0438\u043d\u043e\u043a \u0438 \u043e\u0431\u0443\u0432\u0438\" \/>\n<meta property=\"article:publisher\" content=\"https:\/\/www.facebook.com\/cleanstep.est\" \/>\n<meta property=\"article:modified_time\" content=\"2026-03-24T06:54:34+00:00\" \/>\n<meta property=\"og:image\" content=\"https:\/\/cleanstep.ee\/wp-content\/uploads\/2023\/11\/Tarrago-Mink-Oil-100ml-Small1.jpg\" \/>\n\t<meta property=\"og:image:width\" content=\"750\" \/>\n\t<meta property=\"og:image:height\" content=\"750\" \/>\n\t<meta property=\"og:image:type\" content=\"image\/jpeg\" \/>\n<meta name=\"twitter:card\" content=\"summary_large_image\" \/>\n<meta name=\"twitter:label1\" content=\"\u041f\u0440\u0438\u043c\u0435\u0440\u043d\u043e\u0435 \u0432\u0440\u0435\u043c\u044f \u0434\u043b\u044f \u0447\u0442\u0435\u043d\u0438\u044f\" \/>\n\t<meta name=\"twitter:data1\" content=\"1 \u043c\u0438\u043d\u0443\u0442\u0430\" \/>\n<script type=\"application\/ld+json\" class=\"yoast-schema-graph\">{\"@context\":\"https:\/\/schema.org\",\"@graph\":[{\"@type\":\"WebPage\",\"@id\":\"https:\/\/cleanstep.ee\/tooted\/naaritsaoli-kreem\/\",\"url\":\"https:\/\/cleanstep.ee\/tooted\/naaritsaoli-kreem\/\",\"name\":\"NAARITSA\u00d5LI KREEM\",\"isPartOf\":{\"@id\":\"https:\/\/cleanstep.ee\/#website\"},\"primaryImageOfPage\":{\"@id\":\"https:\/\/cleanstep.ee\/tooted\/naaritsaoli-kreem\/#primaryimage\"},\"image\":{\"@id\":\"https:\/\/cleanstep.ee\/tooted\/naaritsaoli-kreem\/#primaryimage\"},\"thumbnailUrl\":\"https:\/\/cleanstep.ee\/wp-content\/uploads\/2023\/11\/Tarrago-Mink-Oil-100ml-Small1.jpg\",\"datePublished\":\"2023-11-01T10:44:06+00:00\",\"dateModified\":\"2026-03-24T06:54:34+00:00\",\"description\":\"Puhastuskumm, mis eemaldab kergesti tolmu, mustuse ja plekid jalatsite, kottide ja r\u00f5ivaste pinnalt. Valmistatud kummist puhastab ja annab \\\"koheva\\\" efekti.\",\"breadcrumb\":{\"@id\":\"https:\/\/cleanstep.ee\/tooted\/naaritsaoli-kreem\/#breadcrumb\"},\"inLanguage\":\"ru-RU\",\"potentialAction\":[{\"@type\":\"ReadAction\",\"target\":[\"https:\/\/cleanstep.ee\/tooted\/naaritsaoli-kreem\/\"]}]},{\"@type\":\"ImageObject\",\"inLanguage\":\"ru-RU\",\"@id\":\"https:\/\/cleanstep.ee\/tooted\/naaritsaoli-kreem\/#primaryimage\",\"url\":\"https:\/\/cleanstep.ee\/wp-content\/uploads\/2023\/11\/Tarrago-Mink-Oil-100ml-Small1.jpg\",\"contentUrl\":\"https:\/\/cleanstep.ee\/wp-content\/uploads\/2023\/11\/Tarrago-Mink-Oil-100ml-Small1.jpg\",\"width\":750,\"height\":750},{\"@type\":\"BreadcrumbList\",\"@id\":\"https:\/\/cleanstep.ee\/tooted\/naaritsaoli-kreem\/#breadcrumb\",\"itemListElement\":[{\"@type\":\"ListItem\",\"position\":1,\"name\":\"Home\",\"item\":\"https:\/\/cleanstep.ee\/ru\/\"},{\"@type\":\"ListItem\",\"position\":2,\"name\":\"NAARITSA\u00d5LI KREEM\"}]},{\"@type\":\"WebSite\",\"@id\":\"https:\/\/cleanstep.ee\/#website\",\"url\":\"https:\/\/cleanstep.ee\/\",\"name\":\"CLEANSTEP - \u0423\u0441\u043b\u0443\u0433\u0438 \u043f\u043e \u0447\u0438\u0441\u0442\u043a\u0435 \u043a\u0440\u043e\u0441\u0441\u043e\u0432\u043e\u043a, \u0431\u043e\u0442\u0438\u043d\u043e\u043a \u0438 \u043e\u0431\u0443\u0432\u0438\",\"description\":\"\u041f\u0435\u0440\u0432\u0430\u044f \u043a\u043b\u0438\u043d\u0438\u043d\u0433\u043e\u0432\u0430\u044f \u0441\u043b\u0443\u0436\u0431\u0430 \u0432 \u042d\u0441\u0442\u043e\u043d\u0438\u0438, \u0441\u043f\u0435\u0446\u0438\u0430\u043b\u0438\u0437\u0438\u0440\u0443\u044e\u0449\u0430\u044f\u0441\u044f \u043d\u0430 \u0447\u0438\u0441\u0442\u043a\u0435 \u0438 \u0440\u0435\u0441\u0442\u0430\u0432\u0440\u0430\u0446\u0438\u0438 \u043a\u0440\u043e\u0441\u0441\u043e\u0432\u043e\u043a, \u043e\u0431\u0443\u0432\u0438 \u0438 \u0431\u043e\u0442\u0438\u043d\u043e\u043a.\",\"publisher\":{\"@id\":\"https:\/\/cleanstep.ee\/#organization\"},\"potentialAction\":[{\"@type\":\"SearchAction\",\"target\":{\"@type\":\"EntryPoint\",\"urlTemplate\":\"https:\/\/cleanstep.ee\/?s={search_term_string}\"},\"query-input\":{\"@type\":\"PropertyValueSpecification\",\"valueRequired\":true,\"valueName\":\"search_term_string\"}}],\"inLanguage\":\"ru-RU\"},{\"@type\":\"Organization\",\"@id\":\"https:\/\/cleanstep.ee\/#organization\",\"name\":\"CLEANSTEP - \u0423\u0441\u043b\u0443\u0433\u0438 \u043f\u043e \u0447\u0438\u0441\u0442\u043a\u0435 \u043a\u0440\u043e\u0441\u0441\u043e\u0432\u043e\u043a, \u0431\u043e\u0442\u0438\u043d\u043e\u043a \u0438 \u043e\u0431\u0443\u0432\u0438\",\"url\":\"https:\/\/cleanstep.ee\/\",\"logo\":{\"@type\":\"ImageObject\",\"inLanguage\":\"ru-RU\",\"@id\":\"https:\/\/cleanstep.ee\/#\/schema\/logo\/image\/\",\"url\":\"https:\/\/cleanstep.ee\/wp-content\/uploads\/2021\/10\/logo.png\",\"contentUrl\":\"https:\/\/cleanstep.ee\/wp-content\/uploads\/2021\/10\/logo.png\",\"width\":233,\"height\":45,\"caption\":\"CLEANSTEP - \u0423\u0441\u043b\u0443\u0433\u0438 \u043f\u043e \u0447\u0438\u0441\u0442\u043a\u0435 \u043a\u0440\u043e\u0441\u0441\u043e\u0432\u043e\u043a, \u0431\u043e\u0442\u0438\u043d\u043e\u043a \u0438 \u043e\u0431\u0443\u0432\u0438\"},\"image\":{\"@id\":\"https:\/\/cleanstep.ee\/#\/schema\/logo\/image\/\"},\"sameAs\":[\"https:\/\/www.facebook.com\/cleanstep.est\",\"https:\/\/www.instagram.com\/cleanstep.est\/\"]}]}<\/script>\n<!-- \/ Yoast SEO plugin. -->","yoast_head_json":{"title":"NAARITSA\u00d5LI KREEM","description":"Puhastuskumm, mis eemaldab kergesti tolmu, mustuse ja plekid jalatsite, kottide ja r\u00f5ivaste pinnalt. Valmistatud kummist puhastab ja annab \"koheva\" efekti.","robots":{"index":"index","follow":"follow","max-snippet":"max-snippet:-1","max-image-preview":"max-image-preview:large","max-video-preview":"max-video-preview:-1"},"canonical":"https:\/\/cleanstep.ee\/tooted\/naaritsaoli-kreem\/","og_locale":"ru_RU","og_type":"article","og_title":"NAARITSA\u00d5LI KREEM","og_description":"Puhastuskumm, mis eemaldab kergesti tolmu, mustuse ja plekid jalatsite, kottide ja r\u00f5ivaste pinnalt. Valmistatud kummist puhastab ja annab \"koheva\" efekti.","og_url":"https:\/\/cleanstep.ee\/tooted\/naaritsaoli-kreem\/","og_site_name":"CLEANSTEP - \u0423\u0441\u043b\u0443\u0433\u0438 \u043f\u043e \u0447\u0438\u0441\u0442\u043a\u0435 \u043a\u0440\u043e\u0441\u0441\u043e\u0432\u043e\u043a, \u0431\u043e\u0442\u0438\u043d\u043e\u043a \u0438 \u043e\u0431\u0443\u0432\u0438","article_publisher":"https:\/\/www.facebook.com\/cleanstep.est","article_modified_time":"2026-03-24T06:54:34+00:00","og_image":[{"width":750,"height":750,"url":"https:\/\/cleanstep.ee\/wp-content\/uploads\/2023\/11\/Tarrago-Mink-Oil-100ml-Small1.jpg","type":"image\/jpeg"}],"twitter_card":"summary_large_image","twitter_misc":{"\u041f\u0440\u0438\u043c\u0435\u0440\u043d\u043e\u0435 \u0432\u0440\u0435\u043c\u044f \u0434\u043b\u044f \u0447\u0442\u0435\u043d\u0438\u044f":"1 \u043c\u0438\u043d\u0443\u0442\u0430"},"schema":{"@context":"https:\/\/schema.org","@graph":[{"@type":"WebPage","@id":"https:\/\/cleanstep.ee\/tooted\/naaritsaoli-kreem\/","url":"https:\/\/cleanstep.ee\/tooted\/naaritsaoli-kreem\/","name":"NAARITSA\u00d5LI KREEM","isPartOf":{"@id":"https:\/\/cleanstep.ee\/#website"},"primaryImageOfPage":{"@id":"https:\/\/cleanstep.ee\/tooted\/naaritsaoli-kreem\/#primaryimage"},"image":{"@id":"https:\/\/cleanstep.ee\/tooted\/naaritsaoli-kreem\/#primaryimage"},"thumbnailUrl":"https:\/\/cleanstep.ee\/wp-content\/uploads\/2023\/11\/Tarrago-Mink-Oil-100ml-Small1.jpg","datePublished":"2023-11-01T10:44:06+00:00","dateModified":"2026-03-24T06:54:34+00:00","description":"Puhastuskumm, mis eemaldab kergesti tolmu, mustuse ja plekid jalatsite, kottide ja r\u00f5ivaste pinnalt. Valmistatud kummist puhastab ja annab \"koheva\" efekti.","breadcrumb":{"@id":"https:\/\/cleanstep.ee\/tooted\/naaritsaoli-kreem\/#breadcrumb"},"inLanguage":"ru-RU","potentialAction":[{"@type":"ReadAction","target":["https:\/\/cleanstep.ee\/tooted\/naaritsaoli-kreem\/"]}]},{"@type":"ImageObject","inLanguage":"ru-RU","@id":"https:\/\/cleanstep.ee\/tooted\/naaritsaoli-kreem\/#primaryimage","url":"https:\/\/cleanstep.ee\/wp-content\/uploads\/2023\/11\/Tarrago-Mink-Oil-100ml-Small1.jpg","contentUrl":"https:\/\/cleanstep.ee\/wp-content\/uploads\/2023\/11\/Tarrago-Mink-Oil-100ml-Small1.jpg","width":750,"height":750},{"@type":"BreadcrumbList","@id":"https:\/\/cleanstep.ee\/tooted\/naaritsaoli-kreem\/#breadcrumb","itemListElement":[{"@type":"ListItem","position":1,"name":"Home","item":"https:\/\/cleanstep.ee\/ru\/"},{"@type":"ListItem","position":2,"name":"NAARITSA\u00d5LI KREEM"}]},{"@type":"WebSite","@id":"https:\/\/cleanstep.ee\/#website","url":"https:\/\/cleanstep.ee\/","name":"CLEANSTEP - \u0423\u0441\u043b\u0443\u0433\u0438 \u043f\u043e \u0447\u0438\u0441\u0442\u043a\u0435 \u043a\u0440\u043e\u0441\u0441\u043e\u0432\u043e\u043a, \u0431\u043e\u0442\u0438\u043d\u043e\u043a \u0438 \u043e\u0431\u0443\u0432\u0438","description":"\u041f\u0435\u0440\u0432\u0430\u044f \u043a\u043b\u0438\u043d\u0438\u043d\u0433\u043e\u0432\u0430\u044f \u0441\u043b\u0443\u0436\u0431\u0430 \u0432 \u042d\u0441\u0442\u043e\u043d\u0438\u0438, \u0441\u043f\u0435\u0446\u0438\u0430\u043b\u0438\u0437\u0438\u0440\u0443\u044e\u0449\u0430\u044f\u0441\u044f \u043d\u0430 \u0447\u0438\u0441\u0442\u043a\u0435 \u0438 \u0440\u0435\u0441\u0442\u0430\u0432\u0440\u0430\u0446\u0438\u0438 \u043a\u0440\u043e\u0441\u0441\u043e\u0432\u043e\u043a, \u043e\u0431\u0443\u0432\u0438 \u0438 \u0431\u043e\u0442\u0438\u043d\u043e\u043a.","publisher":{"@id":"https:\/\/cleanstep.ee\/#organization"},"potentialAction":[{"@type":"SearchAction","target":{"@type":"EntryPoint","urlTemplate":"https:\/\/cleanstep.ee\/?s={search_term_string}"},"query-input":{"@type":"PropertyValueSpecification","valueRequired":true,"valueName":"search_term_string"}}],"inLanguage":"ru-RU"},{"@type":"Organization","@id":"https:\/\/cleanstep.ee\/#organization","name":"CLEANSTEP - \u0423\u0441\u043b\u0443\u0433\u0438 \u043f\u043e \u0447\u0438\u0441\u0442\u043a\u0435 \u043a\u0440\u043e\u0441\u0441\u043e\u0432\u043e\u043a, \u0431\u043e\u0442\u0438\u043d\u043e\u043a \u0438 \u043e\u0431\u0443\u0432\u0438","url":"https:\/\/cleanstep.ee\/","logo":{"@type":"ImageObject","inLanguage":"ru-RU","@id":"https:\/\/cleanstep.ee\/#\/schema\/logo\/image\/","url":"https:\/\/cleanstep.ee\/wp-content\/uploads\/2021\/10\/logo.png","contentUrl":"https:\/\/cleanstep.ee\/wp-content\/uploads\/2021\/10\/logo.png","width":233,"height":45,"caption":"CLEANSTEP - \u0423\u0441\u043b\u0443\u0433\u0438 \u043f\u043e \u0447\u0438\u0441\u0442\u043a\u0435 \u043a\u0440\u043e\u0441\u0441\u043e\u0432\u043e\u043a, \u0431\u043e\u0442\u0438\u043d\u043e\u043a \u0438 \u043e\u0431\u0443\u0432\u0438"},"image":{"@id":"https:\/\/cleanstep.ee\/#\/schema\/logo\/image\/"},"sameAs":["https:\/\/www.facebook.com\/cleanstep.est","https:\/\/www.instagram.com\/cleanstep.est\/"]}]}},"_links":{"self":[{"href":"https:\/\/cleanstep.ee\/ru\/wp-json\/wp\/v2\/product\/3152","targetHints":{"allow":["GET"]}}],"collection":[{"href":"https:\/\/cleanstep.ee\/ru\/wp-json\/wp\/v2\/product"}],"about":[{"href":"https:\/\/cleanstep.ee\/ru\/wp-json\/wp\/v2\/types\/product"}],"replies":[{"embeddable":true,"href":"https:\/\/cleanstep.ee\/ru\/wp-json\/wp\/v2\/comments?post=3152"}],"wp:featuredmedia":[{"embeddable":true,"href":"https:\/\/cleanstep.ee\/ru\/wp-json\/wp\/v2\/media\/3158"}],"wp:attachment":[{"href":"https:\/\/cleanstep.ee\/ru\/wp-json\/wp\/v2\/media?parent=3152"}],"wp:term":[{"taxonomy":"product_brand","embeddable":true,"href":"https:\/\/cleanstep.ee\/ru\/wp-json\/wp\/v2\/product_brand?post=3152"},{"taxonomy":"product_cat","embeddable":true,"href":"https:\/\/cleanstep.ee\/ru\/wp-json\/wp\/v2\/product_cat?post=3152"},{"taxonomy":"product_tag","embeddable":true,"href":"https:\/\/cleanstep.ee\/ru\/wp-json\/wp\/v2\/product_tag?post=3152"}],"curies":[{"name":"wp","href":"https:\/\/api.w.org\/{rel}","templated":true}]}}